{"id":451,"date":"2022-09-23T14:48:32","date_gmt":"2022-09-23T14:48:32","guid":{"rendered":"https:\/\/theme.madsparrow.me\/most\/?page_id=451"},"modified":"2025-04-27T00:02:11","modified_gmt":"2025-04-27T06:02:11","slug":"cartera","status":"publish","type":"page","link":"https:\/\/scala.mx\/es\/portfolio\/","title":{"rendered":"Cartera creativa: Dise\u00f1o web, dise\u00f1o gr\u00e1fico y proyectos de v\u00eddeo"},"content":{"rendered":"<div data-elementor-type=\"wp-page\" data-elementor-id=\"451\" class=\"elementor elementor-451\">\n\t\t\t\t\t\t<section class=\"elementor-section elementor-top-section elementor-element elementor-element-c975023 elementor-section-height-min-height elementor-section-boxed elementor-section-height-default elementor-section-items-middle\" data-id=\"c975023\" data-element_type=\"section\" data-e-type=\"section\">\n\t\t\t\t\t\t<div class=\"elementor-container elementor-column-gap-extended\">\n\t\t\t\t\t<div class=\"elementor-column elementor-col-100 elementor-top-column elementor-element elementor-element-7b366e8\" data-id=\"7b366e8\" data-element_type=\"column\" data-e-type=\"column\">\n\t\t\t<div class=\"elementor-widget-wrap elementor-element-populated\">\n\t\t\t\t\t\t<div class=\"elementor-element elementor-element-34079cd elementor-widget elementor-widget-spacer\" data-id=\"34079cd\" data-element_type=\"widget\" data-e-type=\"widget\" data-widget_type=\"spacer.default\">\n\t\t\t\t<div class=\"elementor-widget-container\">\n\t\t\t\t\t\t\t<div class=\"elementor-spacer\">\n\t\t\t<div class=\"elementor-spacer-inner\"><\/div>\n\t\t<\/div>\n\t\t\t\t\t\t<\/div>\n\t\t\t\t<\/div>\n\t\t\t\t<div class=\"elementor-element elementor-element-ca07432 animated-slow elementor-invisible elementor-widget elementor-widget-ms-hero\" data-id=\"ca07432\" data-element_type=\"widget\" data-e-type=\"widget\" data-settings=\"{&quot;_animation&quot;:&quot;fadeInUp&quot;}\" data-widget_type=\"ms-hero.default\">\n\t\t\t\t<div class=\"elementor-widget-container\">\n\t\t\t\t\t\r\n        <section class=\"ms-hero\" id=\"ca07432\">\r\n\r\n                            <div class=\"hero-overlay\"><\/div>\r\n            \r\n                            <div class=\"ms-parallax\" data-speed=\"0.7\" data-type=\"scale\">\r\n                                            <img decoding=\"async\" class=\"jarallax-img\" src=\"https:\/\/theme.madsparrow.me\/most\/wp-content\/uploads\/2022\/10\/most_bg-13.png\" alt=\"\">\r\n                                                        <\/div>\r\n            \r\n            \r\n                \r\n                    <div class=\"ms-hc\">\r\n                        <div class=\"ms-hc--inner\">\r\n                                                            <h1 class=\"ms-hero-title\">SCALA<\/h1>\r\n                                                                                        <p class=\"ms-hero-subtitle\">Portfolio<\/p>\r\n                                                    <\/div>\r\n                    <\/div>\r\n\r\n                \r\n                \r\n            \r\n        <\/section>\r\n\r\n    \t\t\t\t<\/div>\n\t\t\t\t<\/div>\n\t\t\t\t\t<\/div>\n\t\t<\/div>\n\t\t\t\t\t<\/div>\n\t\t<\/section>\n\t\t\t\t<section class=\"elementor-section elementor-top-section elementor-element elementor-element-019d2cf animated-slow elementor-section-boxed elementor-section-height-default elementor-section-height-default elementor-invisible\" data-id=\"019d2cf\" data-element_type=\"section\" data-e-type=\"section\" data-settings=\"{&quot;animation&quot;:&quot;fadeInUp&quot;}\">\n\t\t\t\t\t\t<div class=\"elementor-container elementor-column-gap-extended\">\n\t\t\t\t\t<div class=\"elementor-column elementor-col-100 elementor-top-column elementor-element elementor-element-82066b1\" data-id=\"82066b1\" data-element_type=\"column\" data-e-type=\"column\">\n\t\t\t<div class=\"elementor-widget-wrap elementor-element-populated\">\n\t\t\t\t\t\t<div class=\"elementor-element elementor-element-196de53 elementor-widget elementor-widget-ms_projects\" data-id=\"196de53\" data-element_type=\"widget\" data-e-type=\"widget\" data-widget_type=\"ms_projects.default\">\n\t\t\t\t<div class=\"elementor-widget-container\">\n\t\t\t\t\t\r\n\t\t<div class=\"portfolio_wrap\" id=\"196de53\">\r\n\r\n\t\t\t\t\t\t\t\t\t\t\t\t\t\t\t\t\t\t<div class=\"subnav\">\r\n\t\t\t\t\t\t\t\t<div class=\"subnav__container\">\r\n\t\t\t\t\t\t\t\t\t<div class=\"filter-nav filter-nav--expanded js-filter-nav\">\r\n\t\t\t\t\t\t\t\t\t<button class=\"reset btn--subtle is-hidden js-filter-nav__control\" aria-label=\"Seleccione una opci\u00f3n de filtro\" aria-controls=\"filter-nav\">\r\n\t\t\t\t\t\t\t\t\t\t<span class=\"js-filter-nav__placeholder\" aria-hidden=\"true\">Todos<\/span>\r\n\t\t\t\t\t\t\t\t\t\t<svg class=\"icon icon--xxs margin-left-xxs\" aria-hidden=\"true\" viewbox=\"0 0 12 12\"><polyline points=\"0.5 3.5 6 9.5 11.5 3.5\" fill=\"none\" stroke-width=\"1\" stroke=\"currentColor\" stroke-linecap=\"round\" stroke-linejoin=\"round\"><\/polyline><\/svg>\r\n\t\t\t\t\t\t\t\t\t<\/button>\r\n\t\t\t\t\t\t\t\t\t<div class=\"filter-nav__wrapper js-filter-nav__wrapper\" id=\"filter-nav\">\r\n\t\t\t\t\t\t\t\t\t<nav class=\"filter-nav__nav js-filter-nav__nav\">\r\n\t\t\t\t\t\t\t\t\t\t<ul class=\"filtr-btn filter-nav__list js-filter-nav__list\">\r\n\t\t\t\t\t\t\t\t\t\t\t<li class=\"filter-nav__item subnav__link active\" data-filter=\"\">\r\n\t\t\t\t\t\t\t\t\t\t\t\t<button class=\"reset filter-nav__btn js-filter-nav__btn js-tab-focus\" aria-current=\"true\" >Todas las categor\u00edas<\/button>\r\n\t\t\t\t\t\t\t\t\t\t\t<\/li>\r\n\t\t\t\t\t\t\t\t\t\t\t\t\t\t\t\t\t\t\t\t\t\t\t\t\t\t\t\t\t\t\t\t\t\t\t\t<li class=\"filter-nav__item subnav__link\" data-filter=\"creative\">\r\n\t\t\t\t\t\t\t\t\t\t\t\t\t\t<button class=\"reset filter-nav__btn js-filter-nav__btn js-tab-focus\" >Creativo<\/button>\r\n\t\t\t\t\t\t\t\t\t\t\t\t\t<\/li>\r\n\t\t\t\t\t\t\t\t\t\t\t\t\t\t\t\t\t\t\t\t\t\t\t\t\t\t\t\t\t\t\t\t\t\t\t\t\t\t\t\t\t\t\t\t\t\t\t\t<li class=\"filter-nav__item subnav__link\" data-filter=\"design\">\r\n\t\t\t\t\t\t\t\t\t\t\t\t\t\t<button class=\"reset filter-nav__btn js-filter-nav__btn js-tab-focus\" >Dise\u00f1o<\/button>\r\n\t\t\t\t\t\t\t\t\t\t\t\t\t<\/li>\r\n\t\t\t\t\t\t\t\t\t\t\t\t\t\t\t\t\t\t\t\t\t\t\t\t\t\t\t\t\t\t\t\t\t\t\t\t\t\t\t\t\t\t\t\t\t\t\t\t<li class=\"filter-nav__item subnav__link\" data-filter=\"photo\">\r\n\t\t\t\t\t\t\t\t\t\t\t\t\t\t<button class=\"reset filter-nav__btn js-filter-nav__btn js-tab-focus\" >Foto<\/button>\r\n\t\t\t\t\t\t\t\t\t\t\t\t\t<\/li>\r\n\t\t\t\t\t\t\t\t\t\t\t\t\t\t\t\t\t\t\t\t\t\t\t\t\t\t\t\t\t\t\t\t\t\t\t\t\t\t\t\t\t\t\t\t\t\t\t\t<li class=\"filter-nav__item subnav__link\" data-filter=\"style\">\r\n\t\t\t\t\t\t\t\t\t\t\t\t\t\t<button class=\"reset filter-nav__btn js-filter-nav__btn js-tab-focus\" >Estilo<\/button>\r\n\t\t\t\t\t\t\t\t\t\t\t\t\t<\/li>\r\n\t\t\t\t\t\t\t\t\t\t\t\t\t\t\t\t\t\t\t\t\t\t\t\t\t\t\t\t\t\t\t\t\t\t\t\t\t\t\t\t\t\t\t\t\t\t\t\t<li class=\"filter-nav__item subnav__link\" data-filter=\"video\">\r\n\t\t\t\t\t\t\t\t\t\t\t\t\t\t<button class=\"reset filter-nav__btn js-filter-nav__btn js-tab-focus\" >V\u00eddeo<\/button>\r\n\t\t\t\t\t\t\t\t\t\t\t\t\t<\/li>\r\n\t\t\t\t\t\t\t\t\t\t\t\t\t\t\t\t\t\t\t\t\t\t\t\t\t\t\t\t\t\t\t\t\t\t\t\t\t\t\t\t\t\t\t\t\t\t\t\t<li class=\"filter-nav__item subnav__link\" data-filter=\"web-design\">\r\n\t\t\t\t\t\t\t\t\t\t\t\t\t\t<button class=\"reset filter-nav__btn js-filter-nav__btn js-tab-focus\" >Dise\u00f1o web<\/button>\r\n\t\t\t\t\t\t\t\t\t\t\t\t\t<\/li>\r\n\t\t\t\t\t\t\t\t\t\t\t\t\t\t\t\t\t\t\t\t\t\t\t\t\t\t\t\t\t\t\t\t\t\t<li class=\"filter-nav__marker js-filter-nav__marker\" aria-hidden=\"true\"><\/li>\r\n\t\t\t\t\t\t\t\t\t\t<\/ul>\r\n\t\t\t\t\t\t\t\t\t<button class=\"reset filter-nav__close-btn is-hidden js-filter-nav__close-btn js-tab-focus\" aria-label=\"Cerrar navegaci\u00f3n\">\r\n\t\t\t\t\t\t\t\t\t\t<svg class=\"icon\" viewbox=\"0 0 14 14\" aria-hidden=\"true\"><g stroke-width=\"1\" stroke=\"currentColor\" fill=\"none\" stroke-linecap=\"round\" stroke-linejoin=\"round\" stroke-miterlimit=\"10\"><line x1=\"13.5\" y1=\"2.5\" x2=\"2.5\" y2=\"13.5\"><\/line><line x1=\"2.5\" y1=\"2.5\" x2=\"13.5\" y2=\"13.5\"><\/line><\/g><\/svg>\r\n\t\t\t\t\t\t\t\t\t<\/button>\r\n\t\t\t\t\t\t\t\t\t<\/nav>\r\n\t\t\t\t\t\t\t\t<\/div>\r\n\t\t\t\t\t\t\t\t\t<\/div>\r\n\t\t\t\t\t\t\t\t<\/div>\r\n\t\t\t\t\t\t\t<\/div>\r\n\t\t\t\t\t\t\t\t\t\t\t\t\t\t\t\r\n\t\t\t\t<div class=\"portfolio-feed ms-p--m grid-content\">\r\n\t\t\t\t\t<span class=\"load_filter\">\r\n\t\t\t\t\t\t<svg class=\"load-filter-icon\" width=\"100%\" height=\"100%\" viewbox=\"0 0 100 100\" preserveaspectratio=\"xMidYMid\">\r\n\t\t\t\t\t\t\t<circle cx=\"50\" cy=\"50\" r=\"30\" stroke-width=\"6\" stroke-linecap=\"round\" fill=\"none\">\r\n\t\t\t\t\t\t\t\t<animatetransform attributename=\"transform\" type=\"rotate\" repeatcount=\"indefinite\" dur=\"1s\" values=\"0 50 50;180 50 50;720 50 50\" keytimes=\"0;0.5;1\"><\/animatetransform>\r\n\t\t\t\t\t\t\t\t<animate attributename=\"stroke-dasharray\" repeatcount=\"indefinite\" dur=\"1s\" values=\"18.84955592153876 169.64600329384882;94.2477796076938 94.24777960769377;18.84955592153876 169.64600329384882\" keytimes=\"0;0.5;1\"><\/animate>\r\n\t\t\t\t\t\t\t<\/circle>\r\n\t\t\t\t\t\t<\/svg>\r\n\t\t\t\t\t<\/span>\r\n\r\n\t\t\t\t\t\t\t\t\t\t\t<div class=\"row ms-masonry-gallery\">\r\n\t\t\t\t\t\r\n\t\t\t\t\t<div class=\"grid-sizer col-md-4\"><\/div>\r\n\t\t\t\t\t\t\t\t\t\t\t\r\n\t\t\t\t\t\t<div class=\"fadein flash center h-align-middle grid-item-p col-md-4 post-3237 portfolios type-portfolios status-publish has-post-thumbnail hentry portfolios_categories-creative portfolios_categories-design portfolios_categories-video portfolios_categories-web-design\">\r\n\r\n\t\t\t\t\t\t\t<div class=\"item--inner\">\r\n\r\n\t\t\t\t\t\t\t\t<a href=\"https:\/\/scala.mx\/es\/portfolios\/exts\/\" aria-label=\"ExTS\">\r\n\t\t\t\t\t\t\t\t\t\t\t\t\t\t\t\t\t\t\t<figure class=\"ms-p-img\">\r\n\t\t\t\t\t\t\t\t\t\t\t<img decoding=\"async\" src=\"https:\/\/scala.mx\/wp-content\/uploads\/2022\/08\/logotarjeta-1120x840.jpg\" alt=\"ExTS\">\r\n\t\t\t\t\t\t\t\t\t\t<\/figure>\r\n\t\t\t\t\t\t\t\t\t\r\n\t\t\t\t\t\t\t\t\t<div class=\"ms-p-content\">\r\n\t\t\t\t\t\t\t\t\t\t<h3>ExTS<\/h3>\r\n\t\t\t\t\t\t\t\t\t\t\t\t\t\t\t\t\t\t\t\t\t<h4 class=\"ms-p-cat\">creativo, dise\u00f1o, v\u00eddeo, dise\u00f1o web<\/h4>\r\n\t\t\t\t\t\t\t\t\t\t\t\t\t\t\t\t\t\t\t<\/div>\r\n\t\t\t\t\t\t\t\t<\/a>\r\n\r\n\t\t\t\t\t\t\t<\/div>\r\n\r\n\t\t\t\t\t\t<\/div>\r\n\t\t\t\t\t\t\t\t\t\t\t\r\n\t\t\t\t\t\t<div class=\"fadein flash center h-align-middle grid-item-p col-md-4 post-55 portfolios type-portfolios status-publish has-post-thumbnail hentry portfolios_categories-creative portfolios_categories-design portfolios_categories-video portfolios_categories-web-design\">\r\n\r\n\t\t\t\t\t\t\t<div class=\"item--inner\">\r\n\r\n\t\t\t\t\t\t\t\t<a href=\"https:\/\/scala.mx\/es\/portfolios\/transfuentes\/\" aria-label=\"STF\">\r\n\t\t\t\t\t\t\t\t\t\t\t\t\t\t\t\t\t\t\t<figure class=\"ms-p-img\">\r\n\t\t\t\t\t\t\t\t\t\t\t<img decoding=\"async\" src=\"https:\/\/scala.mx\/wp-content\/uploads\/2022\/08\/PORTADA-1120x1120.png\" alt=\"STF\">\r\n\t\t\t\t\t\t\t\t\t\t<\/figure>\r\n\t\t\t\t\t\t\t\t\t\r\n\t\t\t\t\t\t\t\t\t<div class=\"ms-p-content\">\r\n\t\t\t\t\t\t\t\t\t\t<h3>STF<\/h3>\r\n\t\t\t\t\t\t\t\t\t\t\t\t\t\t\t\t\t\t\t\t\t<h4 class=\"ms-p-cat\">creativo, dise\u00f1o, v\u00eddeo, dise\u00f1o web<\/h4>\r\n\t\t\t\t\t\t\t\t\t\t\t\t\t\t\t\t\t\t\t<\/div>\r\n\t\t\t\t\t\t\t\t<\/a>\r\n\r\n\t\t\t\t\t\t\t<\/div>\r\n\r\n\t\t\t\t\t\t<\/div>\r\n\t\t\t\t\t\t\t\t\t\t\t\r\n\t\t\t\t\t\t<div class=\"fadein flash center h-align-middle grid-item-p col-md-4 post-3235 portfolios type-portfolios status-publish has-post-thumbnail hentry portfolios_categories-photo portfolios_categories-web-design\">\r\n\r\n\t\t\t\t\t\t\t<div class=\"item--inner\">\r\n\r\n\t\t\t\t\t\t\t\t<a href=\"https:\/\/scala.mx\/es\/portfolios\/panquequieres\/\" aria-label=\"Panquequieres\">\r\n\t\t\t\t\t\t\t\t\t\t\t\t\t\t\t\t\t\t\t<figure class=\"ms-p-img\">\r\n\t\t\t\t\t\t\t\t\t\t\t<img decoding=\"async\" src=\"https:\/\/scala.mx\/wp-content\/uploads\/2022\/08\/high-angle-pan-de-muerto-with-skulls-1120x1680.jpg\" alt=\"Panquequieres\">\r\n\t\t\t\t\t\t\t\t\t\t<\/figure>\r\n\t\t\t\t\t\t\t\t\t\r\n\t\t\t\t\t\t\t\t\t<div class=\"ms-p-content\">\r\n\t\t\t\t\t\t\t\t\t\t<h3>Panquequieres<\/h3>\r\n\t\t\t\t\t\t\t\t\t\t\t\t\t\t\t\t\t\t\t\t\t<h4 class=\"ms-p-cat\">foto, dise\u00f1o web<\/h4>\r\n\t\t\t\t\t\t\t\t\t\t\t\t\t\t\t\t\t\t\t<\/div>\r\n\t\t\t\t\t\t\t\t<\/a>\r\n\r\n\t\t\t\t\t\t\t<\/div>\r\n\r\n\t\t\t\t\t\t<\/div>\r\n\t\t\t\t\t\t\t\t\t\t\t\r\n\t\t\t\t\t\t<div class=\"fadein flash center h-align-middle grid-item-p col-md-4 post-3233 portfolios type-portfolios status-publish has-post-thumbnail hentry portfolios_categories-creative portfolios_categories-design portfolios_categories-photo portfolios_categories-video portfolios_categories-web-design\">\r\n\r\n\t\t\t\t\t\t\t<div class=\"item--inner\">\r\n\r\n\t\t\t\t\t\t\t\t<a href=\"https:\/\/scala.mx\/es\/portfolios\/coyotesfc\/\" aria-label=\"Club de F\u00fatbol Coyotes\">\r\n\t\t\t\t\t\t\t\t\t\t\t\t\t\t\t\t\t\t\t<figure class=\"ms-p-img\">\r\n\t\t\t\t\t\t\t\t\t\t\t<img decoding=\"async\" src=\"https:\/\/scala.mx\/wp-content\/uploads\/2022\/08\/DSC_0321-1120x745.jpg\" alt=\"Club de F\u00fatbol Coyotes\">\r\n\t\t\t\t\t\t\t\t\t\t<\/figure>\r\n\t\t\t\t\t\t\t\t\t\r\n\t\t\t\t\t\t\t\t\t<div class=\"ms-p-content\">\r\n\t\t\t\t\t\t\t\t\t\t<h3>Club de F\u00fatbol Coyotes<\/h3>\r\n\t\t\t\t\t\t\t\t\t\t\t\t\t\t\t\t\t\t\t\t\t<h4 class=\"ms-p-cat\">creativo, dise\u00f1o, foto, v\u00eddeo, dise\u00f1o web<\/h4>\r\n\t\t\t\t\t\t\t\t\t\t\t\t\t\t\t\t\t\t\t<\/div>\r\n\t\t\t\t\t\t\t\t<\/a>\r\n\r\n\t\t\t\t\t\t\t<\/div>\r\n\r\n\t\t\t\t\t\t<\/div>\r\n\t\t\t\t\t\t\t\t\t\t\t\r\n\t\t\t\t\t\t<div class=\"fadein flash center h-align-middle grid-item-p col-md-4 post-3232 portfolios type-portfolios status-publish has-post-thumbnail hentry portfolios_categories-design portfolios_categories-photo portfolios_categories-video portfolios_categories-web-design\">\r\n\r\n\t\t\t\t\t\t\t<div class=\"item--inner\">\r\n\r\n\t\t\t\t\t\t\t\t<a href=\"https:\/\/scala.mx\/es\/portfolios\/jardinlacampana\/\" aria-label=\"Jard\u00edn La Campana\">\r\n\t\t\t\t\t\t\t\t\t\t\t\t\t\t\t\t\t\t\t<figure class=\"ms-p-img\">\r\n\t\t\t\t\t\t\t\t\t\t\t<img decoding=\"async\" src=\"https:\/\/scala.mx\/wp-content\/uploads\/2022\/08\/JARDINLACAMPANA-1120x762.png\" alt=\"Jard\u00edn La Campana\">\r\n\t\t\t\t\t\t\t\t\t\t<\/figure>\r\n\t\t\t\t\t\t\t\t\t\r\n\t\t\t\t\t\t\t\t\t<div class=\"ms-p-content\">\r\n\t\t\t\t\t\t\t\t\t\t<h3>Jard\u00edn La Campana<\/h3>\r\n\t\t\t\t\t\t\t\t\t\t\t\t\t\t\t\t\t\t\t\t\t<h4 class=\"ms-p-cat\">dise\u00f1o, foto, v\u00eddeo, dise\u00f1o web<\/h4>\r\n\t\t\t\t\t\t\t\t\t\t\t\t\t\t\t\t\t\t\t<\/div>\r\n\t\t\t\t\t\t\t\t<\/a>\r\n\r\n\t\t\t\t\t\t\t<\/div>\r\n\r\n\t\t\t\t\t\t<\/div>\r\n\t\t\t\t\t\t\t\t\t\t\t\r\n\t\t\t\t\t\t<div class=\"fadein flash center h-align-middle grid-item-p col-md-4 post-48 portfolios type-portfolios status-publish has-post-thumbnail hentry portfolios_categories-photo portfolios_categories-style portfolios_categories-video\">\r\n\r\n\t\t\t\t\t\t\t<div class=\"item--inner\">\r\n\r\n\t\t\t\t\t\t\t\t<a href=\"https:\/\/scala.mx\/es\/portfolios\/asador\/\" aria-label=\"Asador\">\r\n\t\t\t\t\t\t\t\t\t\t\t\t\t\t\t\t\t\t\t<figure class=\"ms-p-img\">\r\n\t\t\t\t\t\t\t\t\t\t\t<img decoding=\"async\" src=\"https:\/\/scala.mx\/wp-content\/uploads\/2022\/08\/IMG_5260-1120x1493.webp\" alt=\"Asador\">\r\n\t\t\t\t\t\t\t\t\t\t<\/figure>\r\n\t\t\t\t\t\t\t\t\t\r\n\t\t\t\t\t\t\t\t\t<div class=\"ms-p-content\">\r\n\t\t\t\t\t\t\t\t\t\t<h3>Asador<\/h3>\r\n\t\t\t\t\t\t\t\t\t\t\t\t\t\t\t\t\t\t\t\t\t<h4 class=\"ms-p-cat\">foto, estilo, v\u00eddeo<\/h4>\r\n\t\t\t\t\t\t\t\t\t\t\t\t\t\t\t\t\t\t\t<\/div>\r\n\t\t\t\t\t\t\t\t<\/a>\r\n\r\n\t\t\t\t\t\t\t<\/div>\r\n\r\n\t\t\t\t\t\t<\/div>\r\n\t\t\t\t\t\t\t\t\t\t\t\r\n\t\t\t\t\t\t<div class=\"fadein flash center h-align-middle grid-item-p col-md-4 post-47 portfolios type-portfolios status-publish has-post-thumbnail hentry portfolios_categories-creative portfolios_categories-design portfolios_categories-photo portfolios_categories-video portfolios_categories-web-design\">\r\n\r\n\t\t\t\t\t\t\t<div class=\"item--inner\">\r\n\r\n\t\t\t\t\t\t\t\t<a href=\"https:\/\/scala.mx\/es\/portfolios\/airport-transfers\/\" aria-label=\"Tours privados y traslados al aeropuerto en M\u00e9xico\">\r\n\t\t\t\t\t\t\t\t\t\t\t\t\t\t\t\t\t\t\t<figure class=\"ms-p-img\">\r\n\t\t\t\t\t\t\t\t\t\t\t<img decoding=\"async\" src=\"https:\/\/scala.mx\/wp-content\/uploads\/2022\/08\/chevrolet-suburban.png\" alt=\"Tours privados y traslados al aeropuerto en M\u00e9xico\">\r\n\t\t\t\t\t\t\t\t\t\t<\/figure>\r\n\t\t\t\t\t\t\t\t\t\r\n\t\t\t\t\t\t\t\t\t<div class=\"ms-p-content\">\r\n\t\t\t\t\t\t\t\t\t\t<h3>Tours privados y traslados al aeropuerto en M\u00e9xico<\/h3>\r\n\t\t\t\t\t\t\t\t\t\t\t\t\t\t\t\t\t\t\t\t\t<h4 class=\"ms-p-cat\">creativo, dise\u00f1o, foto, v\u00eddeo, dise\u00f1o web<\/h4>\r\n\t\t\t\t\t\t\t\t\t\t\t\t\t\t\t\t\t\t\t<\/div>\r\n\t\t\t\t\t\t\t\t<\/a>\r\n\r\n\t\t\t\t\t\t\t<\/div>\r\n\r\n\t\t\t\t\t\t<\/div>\r\n\t\t\t\t\t\r\n\t\t\t\t\t\t\t\t\t\t\t<\/div>\r\n\t\t\t\t\t\r\n\t\t\t\t<\/div>\r\n\r\n\t\t\t\t\t\t\t\t\t\t\t\t\t\r\n\t\t\t\t\t\t\r\n\t\t\t\r\n\t\t<\/div>\r\n\r\n\t\t\t\t\t\t<\/div>\n\t\t\t\t<\/div>\n\t\t\t\t\t<\/div>\n\t\t<\/div>\n\t\t\t\t\t<\/div>\n\t\t<\/section>\n\t\t\t\t<\/div>","protected":false},"excerpt":{"rendered":"<p>SCALA Portfolio All All Categories Creative Design Photo Style Video Web Design ExTS creative, design, video, web design STF creative, design, video, web design [&hellip;]<\/p>\n","protected":false},"author":1,"featured_media":0,"parent":0,"menu_order":0,"comment_status":"closed","ping_status":"closed","template":"page-custom.php","meta":{"_acf_changed":false,"_joinchat":[],"footnotes":""},"class_list":["post-451","page","type-page","status-publish","hentry"],"acf":{"full_width":false,"header_transparent":false,"header_white":false},"yoast_head":"<!-- This site is optimized with the Yoast SEO plugin v27.3 - https:\/\/yoast.com\/product\/yoast-seo-wordpress\/ -->\n<title>Creative Portfolio: Web Design, Graphic Design &amp; Video Projects - Scala Studio<\/title>\n<meta name=\"description\" content=\"Explore our creative portfolio showcasing web design, graphic design and video production projects. See how we bring ideas to life!\" \/>\n<meta name=\"robots\" content=\"index, follow, max-snippet:-1, max-image-preview:large, max-video-preview:-1\" \/>\n<link rel=\"canonical\" href=\"https:\/\/scala.mx\/es\/cartera\/\" \/>\n<meta property=\"og:locale\" content=\"es_MX\" \/>\n<meta property=\"og:type\" content=\"article\" \/>\n<meta property=\"og:title\" content=\"Creative Portfolio: Web Design, Graphic Design &amp; Video Projects - Scala Studio\" \/>\n<meta property=\"og:description\" content=\"Explore our creative portfolio showcasing web design, graphic design and video production projects. See how we bring ideas to life!\" \/>\n<meta property=\"og:url\" content=\"https:\/\/scala.mx\/es\/cartera\/\" \/>\n<meta property=\"og:site_name\" content=\"Scala Studio\" \/>\n<meta property=\"article:publisher\" content=\"https:\/\/www.facebook.com\/scalastudiodigital\" \/>\n<meta property=\"article:modified_time\" content=\"2025-04-27T06:02:11+00:00\" \/>\n<meta property=\"og:image\" content=\"https:\/\/theme.madsparrow.me\/most\/wp-content\/uploads\/2022\/10\/most_bg-13.png\" \/>\n<meta name=\"twitter:card\" content=\"summary_large_image\" \/>\n<meta name=\"twitter:label1\" content=\"Tiempo de lectura\" \/>\n\t<meta name=\"twitter:data1\" content=\"2 minutos\" \/>\n<script type=\"application\/ld+json\" class=\"yoast-schema-graph\">{\"@context\":\"https:\\\/\\\/schema.org\",\"@graph\":[{\"@type\":\"WebPage\",\"@id\":\"https:\\\/\\\/scala.mx\\\/portfolio\\\/\",\"url\":\"https:\\\/\\\/scala.mx\\\/portfolio\\\/\",\"name\":\"Creative Portfolio: Web Design, Graphic Design & Video Projects - Scala Studio\",\"isPartOf\":{\"@id\":\"https:\\\/\\\/scala.mx\\\/es\\\/#website\"},\"primaryImageOfPage\":{\"@id\":\"https:\\\/\\\/scala.mx\\\/portfolio\\\/#primaryimage\"},\"image\":{\"@id\":\"https:\\\/\\\/scala.mx\\\/portfolio\\\/#primaryimage\"},\"thumbnailUrl\":\"https:\\\/\\\/theme.madsparrow.me\\\/most\\\/wp-content\\\/uploads\\\/2022\\\/10\\\/most_bg-13.png\",\"datePublished\":\"2022-09-23T14:48:32+00:00\",\"dateModified\":\"2025-04-27T06:02:11+00:00\",\"description\":\"Explore our creative portfolio showcasing web design, graphic design and video production projects. See how we bring ideas to life!\",\"breadcrumb\":{\"@id\":\"https:\\\/\\\/scala.mx\\\/portfolio\\\/#breadcrumb\"},\"inLanguage\":\"es\",\"potentialAction\":[{\"@type\":\"ReadAction\",\"target\":[\"https:\\\/\\\/scala.mx\\\/portfolio\\\/\"]}]},{\"@type\":\"ImageObject\",\"inLanguage\":\"es\",\"@id\":\"https:\\\/\\\/scala.mx\\\/portfolio\\\/#primaryimage\",\"url\":\"https:\\\/\\\/theme.madsparrow.me\\\/most\\\/wp-content\\\/uploads\\\/2022\\\/10\\\/most_bg-13.png\",\"contentUrl\":\"https:\\\/\\\/theme.madsparrow.me\\\/most\\\/wp-content\\\/uploads\\\/2022\\\/10\\\/most_bg-13.png\"},{\"@type\":\"BreadcrumbList\",\"@id\":\"https:\\\/\\\/scala.mx\\\/portfolio\\\/#breadcrumb\",\"itemListElement\":[{\"@type\":\"ListItem\",\"position\":1,\"name\":\"Home\",\"item\":\"https:\\\/\\\/scala.mx\\\/\"},{\"@type\":\"ListItem\",\"position\":2,\"name\":\"Creative Portfolio: Web Design, Graphic Design &#038; Video Projects\"}]},{\"@type\":\"WebSite\",\"@id\":\"https:\\\/\\\/scala.mx\\\/es\\\/#website\",\"url\":\"https:\\\/\\\/scala.mx\\\/es\\\/\",\"name\":\"Scala Studio\",\"description\":\"Empowering Businesses\",\"publisher\":{\"@id\":\"https:\\\/\\\/scala.mx\\\/es\\\/#organization\"},\"potentialAction\":[{\"@type\":\"SearchAction\",\"target\":{\"@type\":\"EntryPoint\",\"urlTemplate\":\"https:\\\/\\\/scala.mx\\\/es\\\/?s={search_term_string}\"},\"query-input\":{\"@type\":\"PropertyValueSpecification\",\"valueRequired\":true,\"valueName\":\"search_term_string\"}}],\"inLanguage\":\"es\"},{\"@type\":\"Organization\",\"@id\":\"https:\\\/\\\/scala.mx\\\/es\\\/#organization\",\"name\":\"Scala Studio\",\"url\":\"https:\\\/\\\/scala.mx\\\/es\\\/\",\"logo\":{\"@type\":\"ImageObject\",\"inLanguage\":\"es\",\"@id\":\"https:\\\/\\\/scala.mx\\\/es\\\/#\\\/schema\\\/logo\\\/image\\\/\",\"url\":\"https:\\\/\\\/scala.mx\\\/wp-content\\\/uploads\\\/2024\\\/02\\\/Scala-08.webp\",\"contentUrl\":\"https:\\\/\\\/scala.mx\\\/wp-content\\\/uploads\\\/2024\\\/02\\\/Scala-08.webp\",\"width\":512,\"height\":512,\"caption\":\"Scala Studio\"},\"image\":{\"@id\":\"https:\\\/\\\/scala.mx\\\/es\\\/#\\\/schema\\\/logo\\\/image\\\/\"},\"sameAs\":[\"https:\\\/\\\/www.facebook.com\\\/scalastudiodigital\",\"https:\\\/\\\/www.instagram.com\\\/scalastudiomx\"]}]}<\/script>\n<!-- \/ Yoast SEO plugin. -->","yoast_head_json":{"title":"Portafolio creativo: Dise\u00f1o Web, Dise\u00f1o Gr\u00e1fico y Proyectos de V\u00eddeo - Scala Studio","description":"Explore nuestra cartera de proyectos creativos de dise\u00f1o web, dise\u00f1o gr\u00e1fico y producci\u00f3n de v\u00eddeo. Descubre c\u00f3mo damos vida a tus ideas.","robots":{"index":"index","follow":"follow","max-snippet":"max-snippet:-1","max-image-preview":"max-image-preview:large","max-video-preview":"max-video-preview:-1"},"canonical":"https:\/\/scala.mx\/es\/cartera\/","og_locale":"es_MX","og_type":"article","og_title":"Creative Portfolio: Web Design, Graphic Design & Video Projects - Scala Studio","og_description":"Explore our creative portfolio showcasing web design, graphic design and video production projects. See how we bring ideas to life!","og_url":"https:\/\/scala.mx\/es\/cartera\/","og_site_name":"Scala Studio","article_publisher":"https:\/\/www.facebook.com\/scalastudiodigital","article_modified_time":"2025-04-27T06:02:11+00:00","og_image":[{"url":"https:\/\/theme.madsparrow.me\/most\/wp-content\/uploads\/2022\/10\/most_bg-13.png","type":"","width":"","height":""}],"twitter_card":"summary_large_image","twitter_misc":{"Tiempo de lectura":"2 minutos"},"schema":{"@context":"https:\/\/schema.org","@graph":[{"@type":"WebPage","@id":"https:\/\/scala.mx\/portfolio\/","url":"https:\/\/scala.mx\/portfolio\/","name":"Portafolio creativo: Dise\u00f1o Web, Dise\u00f1o Gr\u00e1fico y Proyectos de V\u00eddeo - Scala Studio","isPartOf":{"@id":"https:\/\/scala.mx\/es\/#website"},"primaryImageOfPage":{"@id":"https:\/\/scala.mx\/portfolio\/#primaryimage"},"image":{"@id":"https:\/\/scala.mx\/portfolio\/#primaryimage"},"thumbnailUrl":"https:\/\/theme.madsparrow.me\/most\/wp-content\/uploads\/2022\/10\/most_bg-13.png","datePublished":"2022-09-23T14:48:32+00:00","dateModified":"2025-04-27T06:02:11+00:00","description":"Explore nuestra cartera de proyectos creativos de dise\u00f1o web, dise\u00f1o gr\u00e1fico y producci\u00f3n de v\u00eddeo. Descubre c\u00f3mo damos vida a tus ideas.","breadcrumb":{"@id":"https:\/\/scala.mx\/portfolio\/#breadcrumb"},"inLanguage":"es","potentialAction":[{"@type":"ReadAction","target":["https:\/\/scala.mx\/portfolio\/"]}]},{"@type":"ImageObject","inLanguage":"es","@id":"https:\/\/scala.mx\/portfolio\/#primaryimage","url":"https:\/\/theme.madsparrow.me\/most\/wp-content\/uploads\/2022\/10\/most_bg-13.png","contentUrl":"https:\/\/theme.madsparrow.me\/most\/wp-content\/uploads\/2022\/10\/most_bg-13.png"},{"@type":"BreadcrumbList","@id":"https:\/\/scala.mx\/portfolio\/#breadcrumb","itemListElement":[{"@type":"ListItem","position":1,"name":"Home","item":"https:\/\/scala.mx\/"},{"@type":"ListItem","position":2,"name":"Creative Portfolio: Web Design, Graphic Design &#038; Video Projects"}]},{"@type":"WebSite","@id":"https:\/\/scala.mx\/es\/#website","url":"https:\/\/scala.mx\/es\/","name":"Scala Studio","description":"Capacitar a las empresas","publisher":{"@id":"https:\/\/scala.mx\/es\/#organization"},"potentialAction":[{"@type":"SearchAction","target":{"@type":"EntryPoint","urlTemplate":"https:\/\/scala.mx\/es\/?s={search_term_string}"},"query-input":{"@type":"PropertyValueSpecification","valueRequired":true,"valueName":"search_term_string"}}],"inLanguage":"es"},{"@type":"Organization","@id":"https:\/\/scala.mx\/es\/#organization","name":"Scala Studio","url":"https:\/\/scala.mx\/es\/","logo":{"@type":"ImageObject","inLanguage":"es","@id":"https:\/\/scala.mx\/es\/#\/schema\/logo\/image\/","url":"https:\/\/scala.mx\/wp-content\/uploads\/2024\/02\/Scala-08.webp","contentUrl":"https:\/\/scala.mx\/wp-content\/uploads\/2024\/02\/Scala-08.webp","width":512,"height":512,"caption":"Scala Studio"},"image":{"@id":"https:\/\/scala.mx\/es\/#\/schema\/logo\/image\/"},"sameAs":["https:\/\/www.facebook.com\/scalastudiodigital","https:\/\/www.instagram.com\/scalastudiomx"]}]}},"_links":{"self":[{"href":"https:\/\/scala.mx\/es\/wp-json\/wp\/v2\/pages\/451","targetHints":{"allow":["GET"]}}],"collection":[{"href":"https:\/\/scala.mx\/es\/wp-json\/wp\/v2\/pages"}],"about":[{"href":"https:\/\/scala.mx\/es\/wp-json\/wp\/v2\/types\/page"}],"author":[{"embeddable":true,"href":"https:\/\/scala.mx\/es\/wp-json\/wp\/v2\/users\/1"}],"replies":[{"embeddable":true,"href":"https:\/\/scala.mx\/es\/wp-json\/wp\/v2\/comments?post=451"}],"version-history":[{"count":7,"href":"https:\/\/scala.mx\/es\/wp-json\/wp\/v2\/pages\/451\/revisions"}],"predecessor-version":[{"id":4802,"href":"https:\/\/scala.mx\/es\/wp-json\/wp\/v2\/pages\/451\/revisions\/4802"}],"wp:attachment":[{"href":"https:\/\/scala.mx\/es\/wp-json\/wp\/v2\/media?parent=451"}],"curies":[{"name":"wp","href":"https:\/\/api.w.org\/{rel}","templated":true}]}}